{"id":345,"date":"2023-11-29T08:33:14","date_gmt":"2023-11-29T08:33:14","guid":{"rendered":"https:\/\/www.mflight.org\/about-us"},"modified":"2023-12-01T14:05:55","modified_gmt":"2023-12-01T14:05:55","slug":"ueber-uns","status":"publish","type":"page","link":"https:\/\/www.mflight.org\/de\/ueber-uns","title":{"rendered":"\u00dcber uns"},"content":{"rendered":"<div class=\"wpb-content-wrapper\"><p>[vc_row full_width=&#8220;stretch_row_content_no_spaces&#8220; css=&#8220;.vc_custom_1701322276471{margin-bottom: 2em !important;}&#8220;][vc_column][vc_single_image source=&#8220;external_link&#8220; custom_src=&#8220;\/wp-content\/uploads\/static\/img\/mood\/mood_about_us.jpg&#8220;][\/vc_column][\/vc_row][vc_row css=&#8220;.vc_custom_1701323059663{margin-bottom: 3em !important;}&#8220;][vc_column][vc_custom_heading text=&#8220;\u00dcber uns.&#8220; font_container=&#8220;tag:h1|text_align:left&#8220; use_theme_fonts=&#8220;yes&#8220; css=&#8220;.vc_custom_1701438253917{margin-bottom: 25px !important;}&#8220;][vc_custom_heading text=&#8220;Erfahren Sie mehr \u00fcber MFlight &amp; wof\u00fcr wir stehen&#8220; font_container=&#8220;tag:h3|text_align:left&#8220; use_theme_fonts=&#8220;yes&#8220; css=&#8220;.vc_custom_1701438275856{margin-bottom: 25px !important;}&#8220;][vc_separator color=&#8220;sky&#8220; align=&#8220;align_left&#8220; border_width=&#8220;2&#8243; el_width=&#8220;30&#8243; css=&#8220;.vc_custom_1701323581493{margin-bottom: 1.5em !important;}&#8220;][vc_column_text]<\/p>\n<div class=\"wpb_text_column wpb_content_element \">\n<div class=\"wpb_wrapper\">\n<div>\n<p>MFlight ist eine Community f\u00fcr BMW M Fahrer weltweit \u2013 Wir sind der weltweit gr\u00f6\u00dfte internationale BMW M Drivers Club mit \u00fcber 2900 Mitgliedern in \u00fcber 53 L\u00e4ndern auf der Erde. Wir bieten BMW M Enthusiasten eine Plattform um Gleichgesinnte aus der ganzen Welt zu treffen. Jedes Land hat sein eigenes Department das bis zu einem gewissen Punkt eigenst\u00e4ndig agiert aber am Ende ist es eine gro\u00dfe internationale Familie.<\/p>\n<p>Wir arbeiten mit \u00fcber 25 Partnern in der Automobilindustrie zusammen, darunter unter anderem AC Schnitzer, Akrapovic, Eisenmann, Hamann und viele mehr. Dieses Netzwerk und unsere view Sponsoren A.I.B. GmbH, Alfred B\u00f6hm GmbH,\u00a0 BMW Euler Military Sales &amp; BMW Lell helfen uns dabei jedem Interessierten eine kostenlose Mitgliedschaft anzubieten.<\/p>\n<\/div>\n<\/div>\n<\/div>\n<div class=\"vc_empty_space\"><\/div>\n<p>[\/vc_column_text][\/vc_column][\/vc_row][vc_row css=&#8220;.vc_custom_1577529012312{margin-top: 15px !important;margin-bottom: 2em !important;}&#8220;][vc_column width=&#8220;3\/4&#8243;][vc_custom_heading text=&#8220;MFlight verbindet Menschen weltweit.&#8220; use_theme_fonts=&#8220;yes&#8220; css=&#8220;.vc_custom_1701438617235{margin-bottom: 25px !important;}&#8220;][vc_column_text]Ich habe den MFlight Car Club im Mai 2008 gegr\u00fcndet und er ist seitdem enorm gewachsen. Ich kam damals auf die Idee, einen BMW-Club exklusiv f\u00fcr M-Fahrzeuge gr\u00fcnden, mit der Vorstellung, dass es einzigartig sei, \u00a0dass alle Mitglieder ausschlie\u00dflich BMW M Fahrzeuge fahren. Der Club ist deshalb bis heute exklusiv f\u00fcr Besitzer von BMW M und \u201eM\u201c Performance-Fahrzeugen Wir haben derzeit 1M, M2, M3, M4, M5, M6, X5M, X6M, Z4M, M235, M240 und M550 im Club.<\/p>\n<p>Es begann mit etwa 5 Mitgliedern und mittlerweile sind wir auf etwa 2900 Mitglieder in ganz Deutschland, den Niederlanden, Belgien, Italien, \u00d6sterreich, der T\u00fcrkei, Polen, der Tschechischen Republik, Saudi-Arabien, S\u00fcdafrika, Hongkong, Australien, Kanada, Mexiko und den USA angewachsen.<\/p>\n<p>Wir haben in der Vergangenheit bereits Tuningfirmen wie IND, G-Power, Hamann, Apex Nuerburg, Mosselman, Akrapovic und Eisenmann besucht. Ebenfalls haben wir die BMW Welt\/das Museum und die BMW M GmbH in Garching-Hochbr\u00fcck \u2013 M\u00fcnchen, das Porsche Museum, das Mercedes Benz Museum und viele andere Orte besucht, die unsere Mitglieder gerne besuchen m\u00f6chten.<\/p>\n<p>Wir unternehmen au\u00dferdem Fahrten zum N\u00fcrnberg Ring, Hockenheim Ring, Spa und vielen anderen Rennstrecken in ganz Europa. Zudem besuchen wir lokalen BMW-Treffen in ganz Europa und organisieren diese teilweise auch selbst.<\/p>\n<p>Im Jahr 2015 weiten wir MFlight in den USA in alarmierendem Tempo aus. Wir haben deshalb Regionen eingeteilt, damit Sie die M\u00f6glichkeit haben, in Ihrer Region zu bleiben oder zu reisen und sich mit Mitgliedern auf der ganzen Welt zu vernetzen.<\/p>\n<p>F\u00fcr den Beitritt fallen keine Geb\u00fchren oder Beitr\u00e4ge an. F\u00fcr unsere Mitglieder haben wir eigene Merchandise Produkte, die f\u00fcr minimale Betr\u00e4ge erworben werden m\u00fcssen, um die Kosten f\u00fcr bestimmte Veranstaltungen und Ausgaben des Clubs zu decken. Schauen Sie sich auch unsere Sponsoren und Unterst\u00fctzer auf unserer Website an. Viele bieten MFlight-Mitgliedern tolle Erm\u00e4\u00dfigungen an.<\/p>\n<p>Der gr\u00f6\u00dfte Spa\u00df, den Sie als Mitglied von MFlight haben werden, besteht darin, Teil eines Konvois zu sein, der auf der linken Spur f\u00e4hrt und meist \u00fcber 30 BMWs der M-Serie umfasst. Es ist definitiv ein Hingucker. Die Leute sind jedes Mal wieder begeistert, wenn Sie uns fahren sehen.<\/p>\n<p>Passen Sie auf sich auf,<\/p>\n<p><strong style=\"font-size: 1.5em;\">Hans Trower<\/strong><br \/>\nMFlight Gr\u00fcnder \/ President[\/vc_column_text][\/vc_column][vc_column width=&#8220;1\/4&#8243; offset=&#8220;vc_hidden-xs&#8220;][vc_single_image source=&#8220;external_link&#8220; alignment=&#8220;center&#8220; custom_src=&#8220;\/wp-content\/uploads\/static\/img\/mflight_lead.png&#8220;][\/vc_column][\/vc_row][vc_row full_width=&#8220;stretch_row&#8220; css=&#8220;.vc_custom_1701438581633{margin-bottom: 3em !important;padding-top: 2em !important;padding-bottom: 2em !important;background-color: #f7f7f7 !important;}&#8220;][vc_column][vc_custom_heading text=&#8220;Einige interessante Zahlen &amp; Fakten \u00fcber MFlight.&#8220; font_container=&#8220;tag:h3|text_align:center&#8220; use_theme_fonts=&#8220;yes&#8220; css=&#8220;.vc_custom_1701438561851{margin-bottom: 50px !important;}&#8220;][vc_row_inner][vc_column_inner width=&#8220;1\/4&#8243;]<div class=\"quick_fact align_center animate-math\"><div class=\"number-wrapper\"><span class=\"number\" data-to=\"2980\">2980<\/span><\/div><h3 class=\"title title_tag \">Mitglieder<\/h3><hr class=\"hr_narrow\" \/><div class=\"desc\">MFlight Mitglieder weltweit und es werden immer mehr<\/div><\/div>\n[\/vc_column_inner][vc_column_inner width=&#8220;1\/4&#8243;]<div class=\"quick_fact align_center animate-math\"><div class=\"number-wrapper\"><span class=\"number\" data-to=\"53\">53<\/span><\/div><h3 class=\"title title_tag \">L\u00e4nder<\/h3><hr class=\"hr_narrow\" \/><div class=\"desc\">L\u00e4nder weltweit, aus denen die Mitglieder von MFlight kommen<\/div><\/div>\n[\/vc_column_inner][vc_column_inner width=&#8220;1\/4&#8243;]<div class=\"quick_fact align_center animate-math\"><div class=\"number-wrapper\"><span class=\"number\" data-to=\"53\">53<\/span><\/div><h3 class=\"title title_tag \">Partner<\/h3><hr class=\"hr_narrow\" \/><div class=\"desc\">Partner in der Automobilindustrie weltweit, die MFlight unterst\u00fctzen<\/div><\/div>\n[\/vc_column_inner][vc_column_inner width=&#8220;1\/4&#8243;]<div class=\"quick_fact align_center animate-math\"><div class=\"number-wrapper\"><span class=\"number\" data-to=\"4\">4<\/span><\/div><h3 class=\"title title_tag \">Sponsoren<\/h3><hr class=\"hr_narrow\" \/><div class=\"desc\">Internationalen Firmen die MFlight als Sponsor unterst\u00fctzen<\/div><\/div>\n[\/vc_column_inner][\/vc_row_inner][\/vc_column][\/vc_row][vc_section full_width=&#8220;stretch_row&#8220; css=&#8220;.vc_custom_1701323225499{margin-bottom: 3em !important;padding-top: 3em !important;padding-bottom: 3em !important;}&#8220;][vc_row][vc_column css=&#8220;.vc_custom_1577529333473{margin-bottom: 2em !important;}&#8220;][vc_custom_heading text=&#8220;Unser Team.&#8220; font_container=&#8220;tag:h2|text_align:center&#8220; use_theme_fonts=&#8220;yes&#8220; link=&#8220;url:%2Fpartners-sponsors%2F|title:Learn%20more%20about%20our%20partners%20%26%20sponsors!||&#8220;][\/vc_column][\/vc_row][vc_row][vc_column width=&#8220;1\/4&#8243;][\/vc_column][vc_column width=&#8220;1\/4&#8243;]<div class=\"team team_circle\"><div class=\"image_frame photo no_link scale-with-grid\"><div class=\"image_wrapper\"><img class=\"scale-with-grid mfn-lazy\" data-src=\"https:\/\/www.mflight.org\/wp-content\/uploads\/2023\/11\/mflight_team_hans_trower.jpg\" alt=\"mflight_team_hans_trower\" width=\"500\" height=\"500\"\/><\/div><\/div><div class=\"desc_wrapper clearfix\"><h4 class=\"desc_wrappper_title \">Hans Trower<\/h4><p class=\"subtitle\">President \/ Founder &amp; North American Manager<\/p><hr class=\"hr_color\" \/><div class=\"desc\"><\/div><\/div><\/div>\n[\/vc_column][vc_column width=&#8220;1\/4&#8243;]<div class=\"team team_circle\"><div class=\"image_frame photo no_link scale-with-grid\"><div class=\"image_wrapper\"><img class=\"scale-with-grid mfn-lazy\" data-src=\"https:\/\/www.mflight.org\/wp-content\/uploads\/2023\/11\/mflight_team_gennaro_layo.jpg\" alt=\"mflight_team_gennaro_layo\" width=\"500\" height=\"500\"\/><\/div><\/div><div class=\"desc_wrapper clearfix\"><h4 class=\"desc_wrappper_title \">Gennaro Layo<\/h4><p class=\"subtitle\">Vice-President<\/p><hr class=\"hr_color\" \/><div class=\"desc\"><\/div><\/div><\/div>\n[\/vc_column][vc_column width=&#8220;1\/4&#8243;][\/vc_column][\/vc_row][vc_row][vc_column][vc_text_separator title=&#8220;International&#8220;][\/vc_column][\/vc_row][vc_row equal_height=&#8220;yes&#8220;][vc_column width=&#8220;1\/3&#8243;][\/vc_column][vc_column width=&#8220;1\/3&#8243;]<div class=\"team team_circle\"><div class=\"image_frame photo no_link scale-with-grid\"><div class=\"image_wrapper\"><img class=\"scale-with-grid mfn-lazy\" data-src=\"https:\/\/www.mflight.org\/wp-content\/uploads\/2023\/11\/mflight_team_kevin_timmons.jpg\" alt=\"mflight_team_kevin_timmons\" width=\"500\" height=\"500\"\/><\/div><\/div><div class=\"desc_wrapper clearfix\"><h4 class=\"desc_wrappper_title \">Kevin Timmons<\/h4><p class=\"subtitle\">Administrator<\/p><hr class=\"hr_color\" \/><div class=\"desc\"><\/div><\/div><\/div>\n[\/vc_column][vc_column width=&#8220;1\/3&#8243;][\/vc_column][\/vc_row][vc_row][vc_column][vc_text_separator title=&#8220;Europe&#8220;][\/vc_column][\/vc_row][vc_row equal_height=&#8220;yes&#8220;][vc_column width=&#8220;1\/3&#8243;]<div class=\"team team_circle\"><div class=\"image_frame photo no_link scale-with-grid\"><div class=\"image_wrapper\"><img class=\"scale-with-grid mfn-lazy\" data-src=\"https:\/\/www.mflight.org\/wp-content\/uploads\/2023\/11\/mflight_team_gamaliel_toledo.jpg\" alt=\"mflight_team_gamaliel_toledo\" width=\"500\" height=\"500\"\/><\/div><\/div><div class=\"desc_wrapper clearfix\"><h4 class=\"desc_wrappper_title \">Gamaliel Toledo<\/h4><p class=\"subtitle\">Product Manager &amp; European Regional Manager<\/p><hr class=\"hr_color\" \/><div class=\"desc\"><\/div><\/div><\/div>\n[\/vc_column][vc_column width=&#8220;1\/3&#8243;]<div class=\"team team_circle\"><div class=\"image_frame photo no_link scale-with-grid\"><div class=\"image_wrapper\"><img class=\"scale-with-grid mfn-lazy\" data-src=\"https:\/\/www.mflight.org\/wp-content\/uploads\/2023\/11\/mflight_team_darryl_johnson.jpg\" alt=\"mflight_team_darryl_johnson\" width=\"500\" height=\"500\"\/><\/div><\/div><div class=\"desc_wrapper clearfix\"><h4 class=\"desc_wrappper_title \">Darryl Johnson<\/h4><p class=\"subtitle\">Kaiserslautern Area Manager<\/p><hr class=\"hr_color\" \/><div class=\"desc\"><\/div><\/div><\/div>\n[\/vc_column][vc_column width=&#8220;1\/3&#8243;]<div class=\"team team_circle\"><div class=\"image_frame photo no_link scale-with-grid\"><div class=\"image_wrapper\"><img class=\"scale-with-grid mfn-lazy\" data-src=\"https:\/\/www.mflight.org\/wp-content\/uploads\/2023\/11\/mflight_team_chris_van_loock.jpg\" alt=\"mflight_team_chris_van_loock\" width=\"500\" height=\"500\"\/><\/div><\/div><div class=\"desc_wrapper clearfix\"><h4 class=\"desc_wrappper_title \">Chris van Loock<\/h4><p class=\"subtitle\">Belgium \/ Netherlands Regional Manager<\/p><hr class=\"hr_color\" \/><div class=\"desc\"><\/div><\/div><\/div>\n[\/vc_column][\/vc_row][\/vc_section]<\/p>\n<\/div>","protected":false},"excerpt":{"rendered":"<p>[vc_row full_width=&#8220;stretch_row_content_no_spaces&#8220; css=&#8220;.vc_custom_1701322276471{margin-bottom: 2em !important;}&#8220;][vc_column][vc_single_image source=&#8220;external_link&#8220; custom_src=&#8220;\/wp-content\/uploads\/static\/img\/mood\/mood_about_us.jpg&#8220;][\/vc_column][\/vc_row][vc_row css=&#8220;.vc_custom_1701323059663{margin-bottom: 3em !important;}&#8220;][vc_column][vc_custom_heading text=&#8220;\u00dcber uns.&#8220; font_container=&#8220;tag:h1|text_align:left&#8220; use_theme_fonts=&#8220;yes&#8220; css=&#8220;.vc_custom_1701438253917{margin-bottom: 25px !important;}&#8220;][vc_custom_heading text=&#8220;Erfahren Sie mehr \u00fcber MFlight &amp; wof\u00fcr wir stehen&#8220;<span class=\"excerpt-hellip\"> [\u2026]<\/span><\/p>\n","protected":false},"author":2,"featured_media":0,"parent":0,"menu_order":0,"comment_status":"closed","ping_status":"closed","template":"","meta":{"footnotes":""},"class_list":["post-345","page","type-page","status-publish","hentry"],"yoast_head":"<!-- This site is optimized with the Yoast SEO plugin v26.5 - https:\/\/yoast.com\/wordpress\/plugins\/seo\/ -->\n<title>\u00dcber uns - MFlight<\/title>\n<meta name=\"robots\" content=\"index, follow, max-snippet:-1, max-image-preview:large, max-video-preview:-1\" \/>\n<link rel=\"canonical\" href=\"https:\/\/www.mflight.org\/de\/ueber-uns\" \/>\n<meta property=\"og:locale\" content=\"de_DE\" \/>\n<meta property=\"og:type\" content=\"article\" \/>\n<meta property=\"og:title\" content=\"\u00dcber uns - MFlight\" \/>\n<meta property=\"og:description\" content=\"[vc_row full_width=&#8220;stretch_row_content_no_spaces&#8220; css=&#8220;.vc_custom_1701322276471{margin-bottom: 2em !important;}&#8220;][vc_column][vc_single_image source=&#8220;external_link&#8220; custom_src=&#8220;\/wp-content\/uploads\/static\/img\/mood\/mood_about_us.jpg&#8220;][\/vc_column][\/vc_row][vc_row css=&#8220;.vc_custom_1701323059663{margin-bottom: 3em !important;}&#8220;][vc_column][vc_custom_heading text=&#8220;\u00dcber uns.&#8220; font_container=&#8220;tag:h1|text_align:left&#8220; use_theme_fonts=&#8220;yes&#8220; css=&#8220;.vc_custom_1701438253917{margin-bottom: 25px !important;}&#8220;][vc_custom_heading text=&#8220;Erfahren Sie mehr \u00fcber MFlight &amp; wof\u00fcr wir stehen&#8220; [\u2026]\" \/>\n<meta property=\"og:url\" content=\"https:\/\/www.mflight.org\/de\/ueber-uns\" \/>\n<meta property=\"og:site_name\" content=\"MFlight\" \/>\n<meta property=\"article:modified_time\" content=\"2023-12-01T14:05:55+00:00\" \/>\n<meta name=\"twitter:card\" content=\"summary_large_image\" \/>\n<meta name=\"twitter:label1\" content=\"Gesch\u00e4tzte Lesezeit\" \/>\n\t<meta name=\"twitter:data1\" content=\"5\u00a0Minuten\" \/>\n<script type=\"application\/ld+json\" class=\"yoast-schema-graph\">{\"@context\":\"https:\/\/schema.org\",\"@graph\":[{\"@type\":\"WebPage\",\"@id\":\"https:\/\/www.mflight.org\/de\/ueber-uns\",\"url\":\"https:\/\/www.mflight.org\/de\/ueber-uns\",\"name\":\"\u00dcber uns - MFlight\",\"isPartOf\":{\"@id\":\"https:\/\/www.mflight.org\/de#website\"},\"datePublished\":\"2023-11-29T08:33:14+00:00\",\"dateModified\":\"2023-12-01T14:05:55+00:00\",\"breadcrumb\":{\"@id\":\"https:\/\/www.mflight.org\/de\/ueber-uns#breadcrumb\"},\"inLanguage\":\"de\",\"potentialAction\":[{\"@type\":\"ReadAction\",\"target\":[\"https:\/\/www.mflight.org\/de\/ueber-uns\"]}]},{\"@type\":\"BreadcrumbList\",\"@id\":\"https:\/\/www.mflight.org\/de\/ueber-uns#breadcrumb\",\"itemListElement\":[{\"@type\":\"ListItem\",\"position\":1,\"name\":\"Home\",\"item\":\"https:\/\/www.mflight.org\/de\"},{\"@type\":\"ListItem\",\"position\":2,\"name\":\"\u00dcber uns\"}]},{\"@type\":\"WebSite\",\"@id\":\"https:\/\/www.mflight.org\/de#website\",\"url\":\"https:\/\/www.mflight.org\/de\",\"name\":\"MFlight\",\"description\":\"International BMW M Drivers Club\",\"potentialAction\":[{\"@type\":\"SearchAction\",\"target\":{\"@type\":\"EntryPoint\",\"urlTemplate\":\"https:\/\/www.mflight.org\/de?s={search_term_string}\"},\"query-input\":{\"@type\":\"PropertyValueSpecification\",\"valueRequired\":true,\"valueName\":\"search_term_string\"}}],\"inLanguage\":\"de\"}]}<\/script>\n<!-- \/ Yoast SEO plugin. -->","yoast_head_json":{"title":"\u00dcber uns - MFlight","robots":{"index":"index","follow":"follow","max-snippet":"max-snippet:-1","max-image-preview":"max-image-preview:large","max-video-preview":"max-video-preview:-1"},"canonical":"https:\/\/www.mflight.org\/de\/ueber-uns","og_locale":"de_DE","og_type":"article","og_title":"\u00dcber uns - MFlight","og_description":"[vc_row full_width=&#8220;stretch_row_content_no_spaces&#8220; css=&#8220;.vc_custom_1701322276471{margin-bottom: 2em !important;}&#8220;][vc_column][vc_single_image source=&#8220;external_link&#8220; custom_src=&#8220;\/wp-content\/uploads\/static\/img\/mood\/mood_about_us.jpg&#8220;][\/vc_column][\/vc_row][vc_row css=&#8220;.vc_custom_1701323059663{margin-bottom: 3em !important;}&#8220;][vc_column][vc_custom_heading text=&#8220;\u00dcber uns.&#8220; font_container=&#8220;tag:h1|text_align:left&#8220; use_theme_fonts=&#8220;yes&#8220; css=&#8220;.vc_custom_1701438253917{margin-bottom: 25px !important;}&#8220;][vc_custom_heading text=&#8220;Erfahren Sie mehr \u00fcber MFlight &amp; wof\u00fcr wir stehen&#8220; [\u2026]","og_url":"https:\/\/www.mflight.org\/de\/ueber-uns","og_site_name":"MFlight","article_modified_time":"2023-12-01T14:05:55+00:00","twitter_card":"summary_large_image","twitter_misc":{"Gesch\u00e4tzte Lesezeit":"5\u00a0Minuten"},"schema":{"@context":"https:\/\/schema.org","@graph":[{"@type":"WebPage","@id":"https:\/\/www.mflight.org\/de\/ueber-uns","url":"https:\/\/www.mflight.org\/de\/ueber-uns","name":"\u00dcber uns - MFlight","isPartOf":{"@id":"https:\/\/www.mflight.org\/de#website"},"datePublished":"2023-11-29T08:33:14+00:00","dateModified":"2023-12-01T14:05:55+00:00","breadcrumb":{"@id":"https:\/\/www.mflight.org\/de\/ueber-uns#breadcrumb"},"inLanguage":"de","potentialAction":[{"@type":"ReadAction","target":["https:\/\/www.mflight.org\/de\/ueber-uns"]}]},{"@type":"BreadcrumbList","@id":"https:\/\/www.mflight.org\/de\/ueber-uns#breadcrumb","itemListElement":[{"@type":"ListItem","position":1,"name":"Home","item":"https:\/\/www.mflight.org\/de"},{"@type":"ListItem","position":2,"name":"\u00dcber uns"}]},{"@type":"WebSite","@id":"https:\/\/www.mflight.org\/de#website","url":"https:\/\/www.mflight.org\/de","name":"MFlight","description":"International BMW M Drivers Club","potentialAction":[{"@type":"SearchAction","target":{"@type":"EntryPoint","urlTemplate":"https:\/\/www.mflight.org\/de?s={search_term_string}"},"query-input":{"@type":"PropertyValueSpecification","valueRequired":true,"valueName":"search_term_string"}}],"inLanguage":"de"}]}},"_links":{"self":[{"href":"https:\/\/www.mflight.org\/de\/wp-json\/wp\/v2\/pages\/345","targetHints":{"allow":["GET"]}}],"collection":[{"href":"https:\/\/www.mflight.org\/de\/wp-json\/wp\/v2\/pages"}],"about":[{"href":"https:\/\/www.mflight.org\/de\/wp-json\/wp\/v2\/types\/page"}],"author":[{"embeddable":true,"href":"https:\/\/www.mflight.org\/de\/wp-json\/wp\/v2\/users\/2"}],"replies":[{"embeddable":true,"href":"https:\/\/www.mflight.org\/de\/wp-json\/wp\/v2\/comments?post=345"}],"version-history":[{"count":3,"href":"https:\/\/www.mflight.org\/de\/wp-json\/wp\/v2\/pages\/345\/revisions"}],"predecessor-version":[{"id":350,"href":"https:\/\/www.mflight.org\/de\/wp-json\/wp\/v2\/pages\/345\/revisions\/350"}],"wp:attachment":[{"href":"https:\/\/www.mflight.org\/de\/wp-json\/wp\/v2\/media?parent=345"}],"curies":[{"name":"wp","href":"https:\/\/api.w.org\/{rel}","templated":true}]}}